{"id":8233,"date":"2025-06-04T16:19:12","date_gmt":"2025-06-04T14:19:12","guid":{"rendered":"https:\/\/autent.lt\/product\/saranari-membership\/"},"modified":"2026-03-21T00:21:53","modified_gmt":"2026-03-20T22:21:53","slug":"saranari-membership","status":"publish","type":"product","link":"https:\/\/autent.lt\/en\/product\/saranari-membership\/","title":{"rendered":"Saranari Membership"},"content":{"rendered":"<p>MENARD Shiatsu SPA naryst\u0117 \u2013 tai 12 m\u0117nesi\u0173 nuosekli ir efektyvi veido prie\u017ei\u016bros programa, skirta ilgalaikiams odos rezultatams pasiekti. Proced\u016bros atliekamos kart\u0105 per m\u0117nes\u012f, sistemingai skatinant odos l\u0105steli\u0173 regeneracij\u0105 ir naudojant auk\u0161\u010diausios kokyb\u0117s MENARD produktus.<\/p>\n<p>Proced\u016bros metu taikomas limfodrena\u017einis masa\u017eas aktyvina kraujotak\u0105, stiprina veido raumenis ir padeda i\u0161gauti nat\u016bral\u0173 liftingo efekt\u0105. Akupres\u016bros technika veikia giliuosius odos sluoksnius, tod\u0117l oda tampa stangresn\u0117, lygesn\u0117 ir \u012fgauna sveik\u0105 \u0161vyt\u0117jim\u0105.<\/p>\n<p>\u0160ilti rank\u0161luos\u010diai ir garai sukuria maloni\u0105, atpalaiduojan\u010di\u0105 patirt\u012f, o kruop\u0161\u010diai atliekami masa\u017eo judesiai suteikia gil\u0173 komforto jausm\u0105 tiek k\u016bnui, tiek protui.<\/p>\n<p>Naryst\u0117s privalumas \u2013 ilgalaikiai, kaupiamieji rezultatai u\u017e prieinam\u0105 kain\u0105 \u2013 nuo 35 Eur u\u017e vien\u0105 apsilankym\u0105.<\/p>\n<p>Atraskite japoni\u0161k\u0105 gro\u017eio filosofij\u0105 ir suteikite savo odai galimyb\u0119 i\u0161likti sveikai, stangriai ir \u0161vytin\u010diai visus metus.<\/p>\n","protected":false},"excerpt":{"rendered":"<div class=\"et_pb_module et_pb_text et_pb_text_9 et_pb_text_align_center et_pb_bg_layout_light\">\n<div class=\"et_pb_text_inner\">Saranari Member Cart includes: Saranari Massage Cream \/ 160 ml \/ Saranari Moisturizing Lotion \/ 130 ml \/<\/div>\n<\/div>\n<div class=\"et_pb_with_border et_pb_module et_pb_text et_pb_text_10 et_pb_text_align_center et_pb_bg_layout_light\">\n<div class=\"et_pb_text_inner\"><\/div>\n<\/div>\n","protected":false},"featured_media":8234,"comment_status":"open","ping_status":"closed","template":"","meta":{"_acf_changed":false},"product_brand":[],"product_cat":[288],"product_tag":[300],"class_list":{"0":"post-8233","1":"product","2":"type-product","3":"status-publish","4":"has-post-thumbnail","6":"product_cat-japanese-cosmetics","7":"product_tag-membership","9":"first","10":"instock","11":"shipping-taxable","12":"purchasable","13":"product-type-simple"},"acf":[],"_links":{"self":[{"href":"https:\/\/autent.lt\/en\/wp-json\/wp\/v2\/product\/8233","targetHints":{"allow":["GET"]}}],"collection":[{"href":"https:\/\/autent.lt\/en\/wp-json\/wp\/v2\/product"}],"about":[{"href":"https:\/\/autent.lt\/en\/wp-json\/wp\/v2\/types\/product"}],"replies":[{"embeddable":true,"href":"https:\/\/autent.lt\/en\/wp-json\/wp\/v2\/comments?post=8233"}],"wp:featuredmedia":[{"embeddable":true,"href":"https:\/\/autent.lt\/en\/wp-json\/wp\/v2\/media\/8234"}],"wp:attachment":[{"href":"https:\/\/autent.lt\/en\/wp-json\/wp\/v2\/media?parent=8233"}],"wp:term":[{"taxonomy":"product_brand","embeddable":true,"href":"https:\/\/autent.lt\/en\/wp-json\/wp\/v2\/product_brand?post=8233"},{"taxonomy":"product_cat","embeddable":true,"href":"https:\/\/autent.lt\/en\/wp-json\/wp\/v2\/product_cat?post=8233"},{"taxonomy":"product_tag","embeddable":true,"href":"https:\/\/autent.lt\/en\/wp-json\/wp\/v2\/product_tag?post=8233"}],"curies":[{"name":"wp","href":"https:\/\/api.w.org\/{rel}","templated":true}]}}