{"id":8125,"date":"2026-03-17T10:16:41","date_gmt":"2026-03-17T08:16:41","guid":{"rendered":"https:\/\/autent.lt\/contacts\/"},"modified":"2026-03-20T15:08:27","modified_gmt":"2026-03-20T13:08:27","slug":"contacts","status":"publish","type":"page","link":"https:\/\/autent.lt\/en\/contacts\/","title":{"rendered":"Contacts"},"content":{"rendered":"\n<div class=\"wp-block-columns is-layout-flex wp-container-core-columns-is-layout-28f84493 wp-block-columns-is-layout-flex\">\n<div class=\"wp-block-column is-layout-flow wp-block-column-is-layout-flow\">\n<figure class=\"wp-block-gallery has-nested-images columns-default is-cropped wp-block-gallery-1 is-layout-flex wp-block-gallery-is-layout-flex\">\n<figure class=\"wp-block-image size-large\"><img loading=\"lazy\" decoding=\"async\" width=\"683\" height=\"1024\" data-id=\"1610\" src=\"https:\/\/autent.lt\/wp-content\/uploads\/2026\/02\/PJT_1135-683x1024.jpg\" alt=\"\" class=\"wp-image-1610\" srcset=\"https:\/\/autent.lt\/wp-content\/uploads\/2026\/02\/PJT_1135-683x1024.jpg 683w, https:\/\/autent.lt\/wp-content\/uploads\/2026\/02\/PJT_1135-200x300.jpg 200w, https:\/\/autent.lt\/wp-content\/uploads\/2026\/02\/PJT_1135-768x1152.jpg 768w, https:\/\/autent.lt\/wp-content\/uploads\/2026\/02\/PJT_1135-1024x1536.jpg 1024w, https:\/\/autent.lt\/wp-content\/uploads\/2026\/02\/PJT_1135-1365x2048.jpg 1365w, https:\/\/autent.lt\/wp-content\/uploads\/2026\/02\/PJT_1135-600x900.jpg 600w, https:\/\/autent.lt\/wp-content\/uploads\/2026\/02\/PJT_1135-scaled.jpg 1707w\" sizes=\"auto, (max-width: 683px) 100vw, 683px\" \/><\/figure>\n<\/figure>\n<\/div>\n\n\n\n<div class=\"wp-block-column is-layout-flow wp-block-column-is-layout-flow\">\n<div class=\"wp-block-group has-global-padding is-layout-constrained wp-block-group-is-layout-constrained\">\n<p class=\"has-text-align-center\"><br\/><br\/><br\/><br\/>Contact us and we will kindly answer all your questions!<br\/><br\/>Salon: +370 652 44 566<br\/>E-mail: <a href=\"mailto:menard@bfc.lt\">menard@bfc.lt<\/a><\/p>\n\n\n\n<p class=\"has-text-align-center\">Salon manager J\u016brat\u0117: +370 699 92 222<br\/>E-mail: <a href=\"mailto:jurate@bfc.lt\">jurate@bfc.lt<\/a><\/p>\n<\/div>\n<\/div>\n<\/div>\n\n<div class=\"wp-block-hostinger-ai-theme-contact-form-block\">\n    <section class=\"hts-section hts-page hts-contact-form\">\n        <div class=\"hts-details\">\n            <div class=\"hts-contact-details hts-contacts\">\n                \n                \n                <form id=\"contact-form-69de380e8ac2c\">\n                    <input type=\"hidden\" id=\"contactform_nonce\" name=\"contactform_nonce\" value=\"ee4dfb8497\" \/><input type=\"hidden\" name=\"_wp_http_referer\" value=\"\/en\/wp-json\/wp\/v2\/pages\/8125\" \/>\n                    <label for=\"contact-form-69de380e8ac2c-name\">Vardas<\/label>\n                    <input type=\"text\"\n                            id=\"contact-form-69de380e8ac2c-name\"\n                            class=\"contact-name\"\n                            name=\"name\"\n                            placeholder=\"Koks j\u016bs\u0173 vardas\"\n                            required>\n\n                    <label for=\"contact-form-69de380e8ac2c-email\">El. pa\u0161tas<\/label>\n                    <input type=\"email\"\n                            id=\"contact-form-69de380e8ac2c-email\"\n                            class=\"contact-email\"\n                            name=\"email\"\n                            placeholder=\"Koks j\u016bs\u0173 elektroninis pa\u0161tas\"\n                            required>\n\n                    <label for=\"contact-form-69de380e8ac2c-message\">\n                    \u017dinut\u0117                    <\/label>\n                    <textarea id=\"contact-form-69de380e8ac2c-message\"\n                                class=\"contact-message\"\n                                name=\"message\"\n                                placeholder=\"J\u016bs\u0173 \u017einut\u0117\"\n                                required><\/textarea>\n\n                    <div class=\"validate-message\"><\/div>\n\n                    <div class=\"hts-privacy-agree\">\n                        <label class=\"hts-form-control\">\n                            <input type=\"checkbox\"\n                                    id=\"contact-form-69de380e8ac2c-privacy-policy-checkbox\"\n                                    class=\"privacy-policy-checkbox\"\n                                    name=\"privacy_policy\"\n                                    required>\n                            <span>\n                            I consent to use of provided personal data for the purpose of responding to the request as described in <a href=\"https:\/\/autent.lt\/privatumo-politika\/\" target=\"_blank\">Privacy Policy<\/a> which I have read. I may withdraw my consent at any time.                            <\/span>\n                        <\/label>\n                    <\/div>\n\n                    <input type=\"submit\"\n                            class=\"btn primary has-color-2-color has-color-1-background-color has-text-color has-background has-link-color has-border-color has-color-1-border-color wp-element-button\"\n                            value=\"Si\u0173sti\"\/>\n                <\/form>\n            <\/div>\n        <\/div>\n    <\/section>\n<\/div>\n<p><\/p>\n","protected":false},"excerpt":{"rendered":"<p>Contact us and we will kindly answer all your questions! Salon: +370 652 44 566E-mail: menard@bfc.lt Salon manager J\u016brat\u0117: +370 699 92 222E-mail: jurate@bfc.lt<\/p>\n","protected":false},"author":1,"featured_media":0,"parent":0,"menu_order":0,"comment_status":"closed","ping_status":"closed","template":"","meta":{"_acf_changed":false,"footnotes":""},"class_list":["post-8125","page","type-page","status-publish","hentry"],"acf":[],"_hostinger_reach_plugin_has_subscription_block":false,"_hostinger_reach_plugin_is_elementor":false,"_links":{"self":[{"href":"https:\/\/autent.lt\/en\/wp-json\/wp\/v2\/pages\/8125","targetHints":{"allow":["GET"]}}],"collection":[{"href":"https:\/\/autent.lt\/en\/wp-json\/wp\/v2\/pages"}],"about":[{"href":"https:\/\/autent.lt\/en\/wp-json\/wp\/v2\/types\/page"}],"author":[{"embeddable":true,"href":"https:\/\/autent.lt\/en\/wp-json\/wp\/v2\/users\/1"}],"replies":[{"embeddable":true,"href":"https:\/\/autent.lt\/en\/wp-json\/wp\/v2\/comments?post=8125"}],"version-history":[{"count":1,"href":"https:\/\/autent.lt\/en\/wp-json\/wp\/v2\/pages\/8125\/revisions"}],"predecessor-version":[{"id":8127,"href":"https:\/\/autent.lt\/en\/wp-json\/wp\/v2\/pages\/8125\/revisions\/8127"}],"wp:attachment":[{"href":"https:\/\/autent.lt\/en\/wp-json\/wp\/v2\/media?parent=8125"}],"curies":[{"name":"wp","href":"https:\/\/api.w.org\/{rel}","templated":true}]}}